{"id":34,"date":"2025-09-04T13:27:59","date_gmt":"2025-09-04T13:27:59","guid":{"rendered":"https:\/\/balatemlak.com\/?page_id=34"},"modified":"2025-09-04T15:04:16","modified_gmt":"2025-09-04T15:04:16","slug":"iletisim","status":"publish","type":"page","link":"https:\/\/balatemlak.com\/?page_id=34","title":{"rendered":"\u0130leti\u015fim"},"content":{"rendered":"\n<p>Bize 7 g\u00fcn 24 saat telefonla ve whatsapp \u00fczerinden ula\u015fabilirsiniz.<\/p>\n\n\n\n<figure class=\"wp-block-image size-full\"><img loading=\"lazy\" decoding=\"async\" width=\"600\" height=\"166\" src=\"https:\/\/balatemlak.com\/wp-content\/uploads\/2025\/09\/OZBEKLER-EMLAK.png\" alt=\"\" class=\"wp-image-41\" srcset=\"https:\/\/balatemlak.com\/wp-content\/uploads\/2025\/09\/OZBEKLER-EMLAK.png 600w, https:\/\/balatemlak.com\/wp-content\/uploads\/2025\/09\/OZBEKLER-EMLAK-300x83.png 300w\" sizes=\"auto, (max-width: 600px) 100vw, 600px\" \/><\/figure>\n\n\n\n<p>\u00d6zbekler Gayrimenkul Emlak <\/p>\n\n\n\n<p>Adresimiz :  <\/p>\n\n\n\n<p>Balat Mh. Ayan Cd. No 30\/A  Balat, Fatih, \u0130stanbul<\/p>\n\n\n\n<p><\/p>\n\n\n\n<p>Dan\u0131\u015fmanlar\u0131m\u0131z :<\/p>\n\n\n\n<p>+ Cemil \u00d6ZBEK &#8211; +90 541 642 23 41<\/p>\n\n\n\n<p>+ Abdullah \u00d6ZBEK &#8211; +90 541 642 23 43<\/p>\n\n\n\n<p>+ Balat Ofis &#8211; +90 212 523 23 83<\/p>\n\n\n\n<p><\/p>\n","protected":false},"excerpt":{"rendered":"<p>Bize 7 g\u00fcn 24 saat telefonla ve whatsapp \u00fczerinden ula\u015fabilirsiniz. \u00d6zbekler Gayrimenkul Emlak Adresimiz : Balat Mh. Ayan Cd. No 30\/A Balat, Fatih, \u0130stanbul Dan\u0131\u015fmanlar\u0131m\u0131z : + Cemil \u00d6ZBEK &#8211; +90 541 642 23 41 + Abdullah \u00d6ZBEK &#8211; +90 541 642 23 43 + Balat Ofis &#8211; +90 212 523 23 83<\/p>\n","protected":false},"author":1,"featured_media":0,"parent":0,"menu_order":0,"comment_status":"closed","ping_status":"closed","template":"","meta":{"footnotes":""},"class_list":["post-34","page","type-page","status-publish","hentry"],"_links":{"self":[{"href":"https:\/\/balatemlak.com\/index.php?rest_route=\/wp\/v2\/pages\/34","targetHints":{"allow":["GET"]}}],"collection":[{"href":"https:\/\/balatemlak.com\/index.php?rest_route=\/wp\/v2\/pages"}],"about":[{"href":"https:\/\/balatemlak.com\/index.php?rest_route=\/wp\/v2\/types\/page"}],"author":[{"embeddable":true,"href":"https:\/\/balatemlak.com\/index.php?rest_route=\/wp\/v2\/users\/1"}],"replies":[{"embeddable":true,"href":"https:\/\/balatemlak.com\/index.php?rest_route=%2Fwp%2Fv2%2Fcomments&post=34"}],"version-history":[{"count":7,"href":"https:\/\/balatemlak.com\/index.php?rest_route=\/wp\/v2\/pages\/34\/revisions"}],"predecessor-version":[{"id":59,"href":"https:\/\/balatemlak.com\/index.php?rest_route=\/wp\/v2\/pages\/34\/revisions\/59"}],"wp:attachment":[{"href":"https:\/\/balatemlak.com\/index.php?rest_route=%2Fwp%2Fv2%2Fmedia&parent=34"}],"curies":[{"name":"wp","href":"https:\/\/api.w.org\/{rel}","templated":true}]}}